{"id":2200,"date":"2025-05-28T16:58:31","date_gmt":"2025-05-28T14:58:31","guid":{"rendered":"https:\/\/vitalispa.it\/sostenibilita\/"},"modified":"2026-02-11T21:54:49","modified_gmt":"2026-02-11T20:54:49","slug":"sustainability","status":"publish","type":"page","link":"https:\/\/vitalispa.it\/en\/sustainability\/","title":{"rendered":"Sustainability"},"content":{"rendered":"<div class=\"wpb-content-wrapper\"><p>[vc_section el_class=&#8221;hero-section&#8221;][vc_row][vc_column]<div class=\"hero height-100vh\">\n                <div class=\"hero-image\" style=\"background-image: url(https:\/\/vitalispa.it\/wp-content\/uploads\/2025\/07\/Sostenibilita_Header-scaled.jpg);\"><\/div>\n                <div class=\"hero-content\">\n                    <h1>Sustainability<\/h1>\n                    <nav class=\"breadcrumb\"><a class=\"home\" href=\"https:\/\/vitalispa.it\/en\/\">Homepage<\/a> <span>\/<\/span> <span class=\"current\">Sustainability<\/span><\/nav>\n                <\/div>\n            <\/div>[\/vc_column][\/vc_row][\/vc_section][vc_section el_class=&#8221;content&#8221;][vc_row css=&#8221;.vc_custom_1747839620525{background-position: center !important;background-repeat: no-repeat !important;background-size: cover !important;}&#8221;][vc_column]<p class=\"titoletto\">Philosophy<\/p>[vc_row_inner el_class=&#8221;row-content&#8221;][vc_column_inner width=&#8221;1\/2&#8243;][vc_custom_heading text=&#8221;We believe in a<br \/>\n<strong>better future<\/strong>&#8221; use_theme_fonts=&#8221;yes&#8221; css=&#8221;&#8221; el_class=&#8221;row-title stong-yellow title-animation&#8221;][\/vc_column_inner][vc_column_inner width=&#8221;1\/2&#8243;][vc_column_text css=&#8221;&#8221; el_class=&#8221;text-animation&#8221;]We have always thought it was important to pursue objectives that go beyond economic objectives. This is why <strong>in 2023 <\/strong>we became a <strong>Benefit Company<\/strong>, to declare the importance we attach to <strong>activities geared towards sustainability<\/strong>, environmental protection, respect and the development of people and the creation of shared cultural and economic value.<\/p>\n<p>Being a Benefit Company makes us more competitive and allows us to <strong>imagine and build a future conceived for human beings<\/strong>, with positive effects on the territory, communities and people, who become an active part of the change towards a more sustainable world.[\/vc_column_text][\/vc_column_inner][\/vc_row_inner][\/vc_column][\/vc_row][vc_row el_class=&#8221;row-img-full&#8221;][vc_column][vc_single_image image=&#8221;2201&#8243; img_size=&#8221;full&#8221; css=&#8221;&#8221; el_class=&#8221;full-image-animation&#8221;][\/vc_column][\/vc_row][vc_row el_class=&#8221;bg-white&#8221;][vc_column]<div class=\"blocco-spaced-text stong-yellow rientro-33\"><h3><strong>Corporate responsibility <\/strong>is an integral part of Vitali S.p.A. SB\u2019s way of being an enterprise and operating, whose aim has always been to combine <strong>competitiveness<\/strong> and <strong>sustainability<\/strong><\/h3><\/div>[\/vc_column][\/vc_row][vc_row css=&#8221;.vc_custom_1747839620525{background-position: center !important;background-repeat: no-repeat !important;background-size: cover !important;}&#8221;][vc_column]<p class=\"titoletto\">Sustainability Report<\/p>[vc_row_inner el_class=&#8221;row-content&#8221;][vc_column_inner width=&#8221;1\/2&#8243;][vc_custom_heading text=&#8221;Our way of<br \/>\nbeing an enterprise&#8221; use_theme_fonts=&#8221;yes&#8221; css=&#8221;&#8221; el_class=&#8221;row-title stong-yellow title-animation&#8221;][\/vc_column_inner][vc_column_inner width=&#8221;1\/2&#8243;][vc_column_text css=&#8221;&#8221; el_class=&#8221;text-animation&#8221;]<strong>Corporate responsibility <\/strong>is an integral part of Vitali S.p.A. SB\u2019s way of being an enterprise and operating, whose aim has always been to combine <strong>competitiveness<\/strong> and <strong>sustainability<\/strong>. For us, the <strong>Sustainability Report<\/strong> is a social contribution, allowing us to carefully measure our impact and results, assess our managerial performance, point out areas where we can improve and discuss integration with our internal and external <em>stakeholders<\/em>.[\/vc_column_text]<div class=\"block-download\"><div class=\"item_download\"><a href=\"https:\/\/vitalispa.it\/wp-content\/uploads\/2025\/10\/Bilancio-di-Sostenibilita-2023.pdf\" target=\"_blank\" title=\"Download sustainability report 2023\"><div class=\"content\">\n                            <h4>Download sustainability report 2023<\/h4>\n                            <div class=\"specifiche\"><span>02 Oct 2025<\/span><span>PDF 6.65 MB<\/span><span class=\"pdf\"><\/span><\/div>\n                        <\/div>\n                        <\/a><\/div><div class=\"item_download\"><a href=\"https:\/\/vitalispa.it\/wp-content\/uploads\/2025\/10\/VITALI-bilancio-2022.pdf\" target=\"_blank\" title=\"Download sustainability report 2022\"><div class=\"content\">\n                            <h4>Download sustainability report 2022<\/h4>\n                            <div class=\"specifiche\"><span>02 Oct 2025<\/span><span>PDF 6.99 MB<\/span><span class=\"pdf\"><\/span><\/div>\n                        <\/div>\n                        <\/a><\/div><div class=\"item_download\"><a href=\"https:\/\/vitalispa.it\/wp-content\/uploads\/2025\/10\/Vitali_Green-book.pdf\" target=\"_blank\" title=\"Download green book\"><div class=\"content\">\n                            <h4>Download green book<\/h4>\n                            <div class=\"specifiche\"><span>02 Oct 2025<\/span><span>PDF 10.15 MB<\/span><span class=\"pdf\"><\/span><\/div>\n                        <\/div>\n                        <\/a><\/div><\/div>[\/vc_column_inner][\/vc_row_inner][\/vc_column][\/vc_row][vc_row el_class=&#8221;bg-yellow full-width with-padding row-lista&#8221;][vc_column]<div class=\"lista-block \"><div class=\"title-lista\">\n                        <h3 class=\"title-animation\">One goal, many actions<\/h3>\n                     <\/div><!-- title-lista --><div class=\"lista\"><div class=\"item_lista\">\n                    <div class=\"item-lista-count text-animation\">\n                        <span class=\"count\">01<\/span>\n                    <\/div>\n                    <div class=\"lista-item-content text-animation\">\n                    <h4>Environment<\/h4>\n                    <p>sustainable real estate development, responsible raw material treatment, recovery of waste materials, green offsets<\/p><div class=\"bottone-link\"> <a href=\"https:\/\/vitalispa.it\/en\/sustainability\/environment\/\" target=\"\"><span>Find out more<\/span><\/a> <\/div>\n                    <\/div><!-- content --><\/div><!-- item_lista --><div class=\"item_lista\">\n                    <div class=\"item-lista-count text-animation\">\n                        <span class=\"count\">02<\/span>\n                    <\/div>\n                    <div class=\"lista-item-content text-animation\">\n                    <h4>Social impact<\/h4>\n                    <p>support for associations, projects and professional sports clubs in the area, promotion of positive social relations, corporate welfare plans<\/p><div class=\"bottone-link\"> <a href=\"https:\/\/vitalispa.it\/en\/sustainability\/social\/\" target=\"\"><span>Find out more<\/span><\/a> <\/div>\n                    <\/div><!-- content --><\/div><!-- item_lista --><div class=\"item_lista\">\n                    <div class=\"item-lista-count text-animation\">\n                        <span class=\"count\">03<\/span>\n                    <\/div>\n                    <div class=\"lista-item-content text-animation\">\n                    <h4>Governance<\/h4>\n                    <p>virtuous relations with other players in the supply chain, sustainable innovation, focus on safety, gender equality, inclusion policies<\/p><div class=\"bottone-link\"> <a href=\"https:\/\/vitalispa.it\/en\/sustainability\/governance\/\" target=\"\"><span>Find out more<\/span><\/a> <\/div>\n                    <\/div><!-- content --><\/div><!-- item_lista --><\/div>\n                    <\/div>[\/vc_column][\/vc_row][vc_row css=&#8221;.vc_custom_1747839620525{background-position: center !important;background-repeat: no-repeat !important;background-size: cover !important;}&#8221;][vc_column]<p class=\"titoletto\">Awards<\/p>[vc_row_inner el_class=&#8221;row-content&#8221;][vc_column_inner width=&#8221;1\/2&#8243;][vc_custom_heading text=&#8221;The results of<br \/>\na <strong>tangible<br \/>\ncommitment<\/strong>&#8221; use_theme_fonts=&#8221;yes&#8221; css=&#8221;&#8221; el_class=&#8221;row-title stong-yellow title-animation&#8221;][\/vc_column_inner][vc_column_inner width=&#8221;1\/2&#8243;][vc_column_text css=&#8221;&#8221; el_class=&#8221;text-animation&#8221;]Da sempre, pensiamo sia importante perseguire obiettivi che vadano oltre il fine economico. Per questo nel 2023 siamo diventati Societ\u00e0 Benefit, per dichiarare l\u2019importanza che hanno per noi le attivit\u00e0 orientate alla sostenibilit\u00e0, alla salvaguardia dell\u2019ambiente, al rispetto e alla valorizzazione delle persone e alla creazione di valore culturale ed economico condiviso.[\/vc_column_text]<div class=\"block-premi\"><div class=\"item_premi text-animation\"><picture><img loading=\"lazy\" decoding=\"async\" width=\"1024\" height=\"1024\" src=\"https:\/\/vitalispa.it\/wp-content\/uploads\/2026\/02\/Ecovadis-medaglia_022025-copia-1.webp\" class=\"attachment-square size-square\" alt=\"\" srcset=\"https:\/\/vitalispa.it\/wp-content\/uploads\/2026\/02\/Ecovadis-medaglia_022025-copia-1.webp 1024w, https:\/\/vitalispa.it\/wp-content\/uploads\/2026\/02\/Ecovadis-medaglia_022025-copia-1-300x300.webp 300w, https:\/\/vitalispa.it\/wp-content\/uploads\/2026\/02\/Ecovadis-medaglia_022025-copia-1-150x150.webp 150w, https:\/\/vitalispa.it\/wp-content\/uploads\/2026\/02\/Ecovadis-medaglia_022025-copia-1-768x768.webp 768w\" sizes=\"auto, (max-width: 1024px) 100vw, 1024px\" \/><\/picture><div class=\"contenuto\"><h4>\"Ecovadis Silver\"<\/h4>\n                    <p> Sustainability Rating 2025<\/p><\/div><\/div><!-- item_premi --><div class=\"item_premi text-animation\"><div class=\"contenuto\"><h4>\"Top 100 Excellence\"<\/h4>\n                    <p>Sustainability Awards 2023<\/p><\/div><\/div><!-- item_premi --><\/div><!-- block-premi -->[\/vc_column_inner][\/vc_row_inner][\/vc_column][\/vc_row][vc_row css=&#8221;.vc_custom_1747839620525{background-position: center !important;background-repeat: no-repeat !important;background-size: cover !important;}&#8221;][vc_column]<p class=\"titoletto\">Certificazioni RATING<\/p>[vc_row_inner el_class=&#8221;row-content&#8221;][vc_column_inner width=&#8221;1\/2&#8243;][vc_custom_heading text=&#8221;Impegno etico,<br \/>\n<strong>fare sostenibile<\/strong>&#8221; use_theme_fonts=&#8221;yes&#8221; css=&#8221;&#8221; el_class=&#8221;row-title stong-yellow title-animation&#8221;][\/vc_column_inner][vc_column_inner width=&#8221;1\/2&#8243;][vc_column_text css=&#8221;&#8221; el_class=&#8221;text-animation&#8221;]Il rating di legalit\u00e0 e rating ESG non solo attestano il rispetto delle normative, ma evidenziano anche il nostro <strong>impegno verso una gestione pi\u00f9 etica e sostenibile<\/strong>. Il rating di legalit\u00e0, che attesta l&#8217;adesione alle normative e la lotta contro la corruzione, rende <strong>pi\u00f9 trasparente la relazione di fiducia con gli <\/strong><strong>stakeholder<\/strong>, mentre i rating ESG dimostrano l&#8217;adozione di pratiche aziendali che rispettano l&#8217;ambiente, i diritti umani e la governance etica.<\/p>\n<p>Combinando questi due tipi di rating, possiamo non solo ridurre i rischi finanziari e legali, ma posizionarci come un leader responsabile nel mercato, capace di attrarre investimenti consapevoli e creare valore a lungo termine, rispondendo efficacemente alle esigenze di un mercato sempre pi\u00f9 attento alla sostenibilit\u00e0 e alla responsabilit\u00e0 sociale.[\/vc_column_text]<div class=\"block-download\"><div class=\"item_download\"><a href=\"https:\/\/vitalispa.it\/wp-content\/uploads\/2026\/02\/SurveyCertificate_Vitali-1.pdf\" target=\"_blank\" title=\"Synergy Certificate \u2013 Vitali Spa Benefit Company\"><div class=\"content\">\n                            <h4>Synergy Certificate \u2013 Vitali Spa Benefit Company<\/h4>\n                            <div class=\"specifiche\"><span>11 Feb 2026<\/span><span>PDF 458.96 kB<\/span><span class=\"pdf\"><\/span><\/div>\n                        <\/div>\n                        <\/a><\/div><div class=\"item_download\"><a href=\"https:\/\/vitalispa.it\/wp-content\/uploads\/2026\/02\/Open-es-card_2024-2-1.pdf\" target=\"_blank\" title=\"Open-es Card \u2013 Vitali Spa Benefit Company\"><div class=\"content\">\n                            <h4>Open-es Card \u2013 Vitali Spa Benefit Company<\/h4>\n                            <div class=\"specifiche\"><span>11 Feb 2026<\/span><span>PDF 203 kB<\/span><span class=\"pdf\"><\/span><\/div>\n                        <\/div>\n                        <\/a><\/div><\/div>\n            <div class=\"bottone-link first\">\n                <a href=\"http:\/\/vitalispa.it\/wp-content\/uploads\/2025\/06\/RATING-LEGALITA-VITALI-SPA.pdf\" target=\"_blank\"><span>Rating legalit\u00e0<\/span><\/a>\n            <\/div>\n            <div class=\"bottone-link second\">\n                <a href=\"http:\/\/vitalispa.it\/wp-content\/uploads\/2025\/06\/2024-10-rating-.pdf\" target=\"_blank\"><span>Rating ESG<\/span><\/a>\n            <\/div>[\/vc_column_inner][\/vc_row_inner][\/vc_column][\/vc_row][vc_row][vc_column]<div class=\"blocco-cards\"><div style=\"background-image: url(https:\/\/vitalispa.it\/wp-content\/uploads\/2025\/05\/Careers.webp);\"  class=\"card bg-yellow light\"><a href=\"https:\/\/vitalispa.it\/en\/careers\/\" target=\"\">\n                    <div class=\"top\">\n                        <p class=\"titoletto\">Careers<\/p>   \n                        <h4 class=\"title title-animation\">Build your \nfuture with us<\/h4>\n                    <\/div>\n                    <div class=\"text text-animation\"><p>We believe in the value of talent and passion and we are at the forefront of building a better tomorrow. Come and make the difference with us.<\/p><\/div>\n                    <span class=\"next\"><\/span>\n                    <\/a><\/div><div style=\"background-image: url(https:\/\/vitalispa.it\/wp-content\/uploads\/2025\/05\/Contatti.webp);\"  class=\"card bg-grey light\"><a href=\"https:\/\/vitalispa.it\/en\/contacts\/\" target=\"\">\n                    <div class=\"top\">\n                        <p class=\"titoletto\">Contacts<\/p>   \n                        <h4 class=\"title title-animation\">Contact us to \nstart a project<\/h4>\n                    <\/div>\n                    <div class=\"text text-animation\"><p>Send an e-mail or fill in the form to build the future you have in mind or request information. You will be contacted as soon as possible.<\/p><\/div>\n                    <span class=\"next\"><\/span>\n                    <\/a><\/div><\/div>[\/vc_column][\/vc_row][\/vc_section]<\/p>\n<\/div>","protected":false},"excerpt":{"rendered":"<p>[vc_section el_class=&#8221;hero-section&#8221;][vc_row][vc_column][\/vc_column][\/vc_row][\/vc_section][vc_section el_class=&#8221;content&#8221;][vc_row css=&#8221;.vc_custom_1747839620525{background-position: center !important;background-repeat: no-repeat !important;background-size: cover !important;}&#8221;][vc_column][vc_row_inner el_class=&#8221;row-content&#8221;][vc_column_inner width=&#8221;1\/2&#8243;][vc_custom_heading text=&#8221;We believe in a better future&#8221; use_theme_fonts=&#8221;yes&#8221; css=&#8221;&#8221; el_class=&#8221;row-title stong-yellow title-animation&#8221;][\/vc_column_inner][vc_column_inner width=&#8221;1\/2&#8243;][vc_column_text css=&#8221;&#8221; el_class=&#8221;text-animation&#8221;]We have always thought it was important to pursue objectives that go beyond economic objectives. This is why in 2023 we became a Benefit Company, to declare the importance we [&hellip;]<\/p>\n","protected":false},"author":1,"featured_media":0,"parent":0,"menu_order":0,"comment_status":"closed","ping_status":"open","template":"","meta":{"_acf_changed":false,"inline_featured_image":false,"footnotes":""},"class_list":["post-2200","page","type-page","status-publish","hentry"],"acf":[],"yoast_head":"<!-- This site is optimized with the Yoast SEO plugin v27.4 - https:\/\/yoast.com\/product\/yoast-seo-wordpress\/ -->\n<title>Sustainability | Vitali<\/title>\n<meta name=\"description\" content=\"Being a Benefit Company makes us more competitive and allows us to imagine a future designed for people. Discover our commitment to sustainability.\" \/>\n<meta name=\"robots\" content=\"index, follow, max-snippet:-1, max-image-preview:large, max-video-preview:-1\" \/>\n<link rel=\"canonical\" href=\"https:\/\/vitalispa.it\/en\/sustainability\/\" \/>\n<meta property=\"og:locale\" content=\"en_US\" \/>\n<meta property=\"og:type\" content=\"article\" \/>\n<meta property=\"og:title\" content=\"Sustainability | Vitali\" \/>\n<meta property=\"og:description\" content=\"Being a Benefit Company makes us more competitive and allows us to imagine a future designed for people. Discover our commitment to sustainability.\" \/>\n<meta property=\"og:url\" content=\"https:\/\/vitalispa.it\/en\/sustainability\/\" \/>\n<meta property=\"og:site_name\" content=\"Vitali\" \/>\n<meta property=\"article:modified_time\" content=\"2026-02-11T20:54:49+00:00\" \/>\n<meta name=\"twitter:card\" content=\"summary_large_image\" \/>\n<script type=\"application\/ld+json\" class=\"yoast-schema-graph\">{\"@context\":\"https:\\\/\\\/schema.org\",\"@graph\":[{\"@type\":\"WebPage\",\"@id\":\"https:\\\/\\\/vitalispa.it\\\/en\\\/sustainability\\\/\",\"url\":\"https:\\\/\\\/vitalispa.it\\\/en\\\/sustainability\\\/\",\"name\":\"Sustainability | Vitali\",\"isPartOf\":{\"@id\":\"https:\\\/\\\/vitalispa.it\\\/en\\\/#website\"},\"datePublished\":\"2025-05-28T14:58:31+00:00\",\"dateModified\":\"2026-02-11T20:54:49+00:00\",\"description\":\"Being a Benefit Company makes us more competitive and allows us to imagine a future designed for people. Discover our commitment to sustainability.\",\"breadcrumb\":{\"@id\":\"https:\\\/\\\/vitalispa.it\\\/en\\\/sustainability\\\/#breadcrumb\"},\"inLanguage\":\"en-US\",\"potentialAction\":[{\"@type\":\"ReadAction\",\"target\":[\"https:\\\/\\\/vitalispa.it\\\/en\\\/sustainability\\\/\"]}]},{\"@type\":\"BreadcrumbList\",\"@id\":\"https:\\\/\\\/vitalispa.it\\\/en\\\/sustainability\\\/#breadcrumb\",\"itemListElement\":[{\"@type\":\"ListItem\",\"position\":1,\"name\":\"Home\",\"item\":\"https:\\\/\\\/vitalispa.it\\\/en\\\/\"},{\"@type\":\"ListItem\",\"position\":2,\"name\":\"Sustainability\"}]},{\"@type\":\"WebSite\",\"@id\":\"https:\\\/\\\/vitalispa.it\\\/en\\\/#website\",\"url\":\"https:\\\/\\\/vitalispa.it\\\/en\\\/\",\"name\":\"Vitali\",\"description\":\"\",\"potentialAction\":[{\"@type\":\"SearchAction\",\"target\":{\"@type\":\"EntryPoint\",\"urlTemplate\":\"https:\\\/\\\/vitalispa.it\\\/en\\\/?s={search_term_string}\"},\"query-input\":{\"@type\":\"PropertyValueSpecification\",\"valueRequired\":true,\"valueName\":\"search_term_string\"}}],\"inLanguage\":\"en-US\"}]}<\/script>\n<!-- \/ Yoast SEO plugin. -->","yoast_head_json":{"title":"Sustainability | Vitali","description":"Being a Benefit Company makes us more competitive and allows us to imagine a future designed for people. Discover our commitment to sustainability.","robots":{"index":"index","follow":"follow","max-snippet":"max-snippet:-1","max-image-preview":"max-image-preview:large","max-video-preview":"max-video-preview:-1"},"canonical":"https:\/\/vitalispa.it\/en\/sustainability\/","og_locale":"en_US","og_type":"article","og_title":"Sustainability | Vitali","og_description":"Being a Benefit Company makes us more competitive and allows us to imagine a future designed for people. Discover our commitment to sustainability.","og_url":"https:\/\/vitalispa.it\/en\/sustainability\/","og_site_name":"Vitali","article_modified_time":"2026-02-11T20:54:49+00:00","twitter_card":"summary_large_image","schema":{"@context":"https:\/\/schema.org","@graph":[{"@type":"WebPage","@id":"https:\/\/vitalispa.it\/en\/sustainability\/","url":"https:\/\/vitalispa.it\/en\/sustainability\/","name":"Sustainability | Vitali","isPartOf":{"@id":"https:\/\/vitalispa.it\/en\/#website"},"datePublished":"2025-05-28T14:58:31+00:00","dateModified":"2026-02-11T20:54:49+00:00","description":"Being a Benefit Company makes us more competitive and allows us to imagine a future designed for people. Discover our commitment to sustainability.","breadcrumb":{"@id":"https:\/\/vitalispa.it\/en\/sustainability\/#breadcrumb"},"inLanguage":"en-US","potentialAction":[{"@type":"ReadAction","target":["https:\/\/vitalispa.it\/en\/sustainability\/"]}]},{"@type":"BreadcrumbList","@id":"https:\/\/vitalispa.it\/en\/sustainability\/#breadcrumb","itemListElement":[{"@type":"ListItem","position":1,"name":"Home","item":"https:\/\/vitalispa.it\/en\/"},{"@type":"ListItem","position":2,"name":"Sustainability"}]},{"@type":"WebSite","@id":"https:\/\/vitalispa.it\/en\/#website","url":"https:\/\/vitalispa.it\/en\/","name":"Vitali","description":"","potentialAction":[{"@type":"SearchAction","target":{"@type":"EntryPoint","urlTemplate":"https:\/\/vitalispa.it\/en\/?s={search_term_string}"},"query-input":{"@type":"PropertyValueSpecification","valueRequired":true,"valueName":"search_term_string"}}],"inLanguage":"en-US"}]}},"_links":{"self":[{"href":"https:\/\/vitalispa.it\/en\/wp-json\/wp\/v2\/pages\/2200","targetHints":{"allow":["GET"]}}],"collection":[{"href":"https:\/\/vitalispa.it\/en\/wp-json\/wp\/v2\/pages"}],"about":[{"href":"https:\/\/vitalispa.it\/en\/wp-json\/wp\/v2\/types\/page"}],"author":[{"embeddable":true,"href":"https:\/\/vitalispa.it\/en\/wp-json\/wp\/v2\/users\/1"}],"replies":[{"embeddable":true,"href":"https:\/\/vitalispa.it\/en\/wp-json\/wp\/v2\/comments?post=2200"}],"version-history":[{"count":3,"href":"https:\/\/vitalispa.it\/en\/wp-json\/wp\/v2\/pages\/2200\/revisions"}],"predecessor-version":[{"id":4128,"href":"https:\/\/vitalispa.it\/en\/wp-json\/wp\/v2\/pages\/2200\/revisions\/4128"}],"wp:attachment":[{"href":"https:\/\/vitalispa.it\/en\/wp-json\/wp\/v2\/media?parent=2200"}],"curies":[{"name":"wp","href":"https:\/\/api.w.org\/{rel}","templated":true}]}}